{"id":2,"date":"2024-02-07T01:47:46","date_gmt":"2024-02-07T01:47:46","guid":{"rendered":"https:\/\/itsiat.mx\/?page_id=2"},"modified":"2025-02-21T02:21:57","modified_gmt":"2025-02-21T02:21:57","slug":"sample-page","status":"publish","type":"page","link":"https:\/\/itsiat.mx\/index.php\/sample-page\/","title":{"rendered":"Con\u00f3cenos"},"content":{"rendered":"\n<p>Quienes somos?<\/p>\n\n\n\n<blockquote class=\"wp-block-quote is-layout-flow wp-block-quote-is-layout-flow\">\n<p class=\"has-text-align-left has-contrast-color has-base-background-color has-text-color has-background has-link-color has-heading-font-family has-large-font-size wp-elements-6891545b6288297f6b88f092265ad18b\">Somos una empresa especializada enTecnolog\u00edas de la Informaci\u00f3n y servicios asociados para la integraci\u00f3n de soluciones de infraestructura de c\u00f3mputo, almacenamiento, redes, voz, datos y CCTV.<\/p>\n\n\n\n<p class=\"has-text-align-left has-contrast-color has-base-background-color has-text-color has-background has-link-color has-heading-font-family has-large-font-size wp-elements-cfd34bf0bf218a720893585a61592569\"><br>Nuestra prioridad es garantizar la entrega de servicios profesionales de calidad de acuerdo con los est\u00e1ndares de la industria.<\/p>\n<\/blockquote>\n\n\n\n<p><\/p>\n\n\n\n<blockquote class=\"wp-block-quote is-layout-flow wp-block-quote-is-layout-flow\">\n<p>Nuestra Misi\u00f3n<\/p>\n\n\n\n<p><em>Creemos que cada uno de nuestros clientes son parte importante de nuestra organizaci\u00f3n, permiti\u00e9ndonos potencializar su talento y negocio. De acuerdo con sus necesidades operativas y financieras proporcionando soluciones de vanguardia tecnol\u00f3gica y servicios de excelencia. <\/em><\/p>\n\n\n\n<p><em>Permiti\u00e9ndonos ser un aliado estrat\u00e9gico con el que podr\u00e1s contar para desatar tu potencial \u00abTu \u00e9xito, nuestra misi\u00f3n\u00bb<\/em><\/p>\n\n\n\n<p>IT SIAT<\/p>\n<\/blockquote>\n\n\n\n<p><\/p>\n","protected":false},"excerpt":{"rendered":"<p>Quienes somos? Somos una empresa especializada enTecnolog\u00edas de la Informaci\u00f3n y servicios asociados para la integraci\u00f3n de soluciones de infraestructura de c\u00f3mputo, almacenamiento, redes, voz, datos y CCTV. Nuestra prioridad es garantizar la entrega de servicios profesionales de calidad de acuerdo con los est\u00e1ndares de la industria. Nuestra Misi\u00f3n Creemos que cada uno de nuestros [&hellip;]<\/p>\n","protected":false},"author":1,"featured_media":0,"parent":0,"menu_order":0,"comment_status":"closed","ping_status":"closed","template":"","meta":{"footnotes":""},"class_list":["post-2","page","type-page","status-publish","hentry"],"_links":{"self":[{"href":"https:\/\/itsiat.mx\/index.php\/wp-json\/wp\/v2\/pages\/2","targetHints":{"allow":["GET"]}}],"collection":[{"href":"https:\/\/itsiat.mx\/index.php\/wp-json\/wp\/v2\/pages"}],"about":[{"href":"https:\/\/itsiat.mx\/index.php\/wp-json\/wp\/v2\/types\/page"}],"author":[{"embeddable":true,"href":"https:\/\/itsiat.mx\/index.php\/wp-json\/wp\/v2\/users\/1"}],"replies":[{"embeddable":true,"href":"https:\/\/itsiat.mx\/index.php\/wp-json\/wp\/v2\/comments?post=2"}],"version-history":[{"count":4,"href":"https:\/\/itsiat.mx\/index.php\/wp-json\/wp\/v2\/pages\/2\/revisions"}],"predecessor-version":[{"id":11,"href":"https:\/\/itsiat.mx\/index.php\/wp-json\/wp\/v2\/pages\/2\/revisions\/11"}],"wp:attachment":[{"href":"https:\/\/itsiat.mx\/index.php\/wp-json\/wp\/v2\/media?parent=2"}],"curies":[{"name":"wp","href":"https:\/\/api.w.org\/{rel}","templated":true}]}}